{"id":1324,"date":"2023-01-30T13:06:23","date_gmt":"2023-01-30T13:06:23","guid":{"rendered":"http:\/\/kuumbati.local\/?post_type=product&#038;p=1324"},"modified":"2023-03-01T00:47:47","modified_gmt":"2023-03-01T00:47:47","slug":"ce-que-je-prefere","status":"publish","type":"product","link":"https:\/\/kuumbati.com\/fr\/produit\/ce-que-je-prefere\/","title":{"rendered":"Ce que je pr\u00e9f\u00e8re"},"content":{"rendered":"<p><span style=\"font-weight: 400;\">Dans ce que je pr\u00e9f\u00e8re, les petits gar\u00e7ons et filles du S\u00e9n\u00e9gal expriment leur pr\u00e9f\u00e9rence par rapport aux fruits.\u00a0<\/span><\/p>\n","protected":false},"excerpt":{"rendered":"<p><span style=\"font-weight: 400;\">Dans ce que je pr\u00e9f\u00e8re, les petits gar\u00e7ons et filles du S\u00e9n\u00e9gal expriment leur pr\u00e9f\u00e9rence par rapport aux fruits.\u00a0<\/span><\/p>\n","protected":false},"featured_media":1261,"comment_status":"open","ping_status":"closed","template":"","meta":{"om_disable_all_campaigns":false,"_kad_blocks_custom_css":"","_kad_blocks_head_custom_js":"","_kad_blocks_body_custom_js":"","_kad_blocks_footer_custom_js":"","_monsterinsights_skip_tracking":false,"_monsterinsights_sitenote_active":false,"_monsterinsights_sitenote_note":"","_monsterinsights_sitenote_category":0,"_kadence_starter_templates_imported_post":false,"_kad_post_transparent":"default","_kad_post_title":"","_kad_post_layout":"default","_kad_post_sidebar_id":"","_kad_post_content_style":"default","_kad_post_vertical_padding":"default","_kad_post_feature":"","_kad_post_feature_position":"","_kad_post_header":false,"_kad_post_footer":false,"_kad_post_classname":""},"product_brand":[],"product_cat":[74,75,59],"product_tag":[83,86],"product_brands":[],"class_list":{"0":"post-1324","1":"product","2":"type-product","3":"status-publish","4":"has-post-thumbnail","6":"product_cat-educatif","7":"product_cat-francais","8":"product_cat-livres","9":"product_tag-book","10":"product_tag-educational","12":"first","13":"instock","14":"downloadable","15":"virtual","16":"purchasable","17":"product-type-simple","18":"entry","19":"content-bg","20":"loop-entry"},"aioseo_notices":[],"taxonomy_info":{"product_cat":[{"value":74,"label":"\u00e9ducatif"},{"value":75,"label":"Fran\u00e7ais"},{"value":59,"label":"Livres"}],"product_tag":[{"value":83,"label":"book"},{"value":86,"label":"Educational"}]},"featured_image_src_large":["https:\/\/kuumbati.com\/wp-content\/uploads\/2023\/01\/ce-que-je-prefere-1.jpg",650,996,false],"author_info":[],"comment_info":0,"_links":{"self":[{"href":"https:\/\/kuumbati.com\/fr\/wp-json\/wp\/v2\/product\/1324","targetHints":{"allow":["GET"]}}],"collection":[{"href":"https:\/\/kuumbati.com\/fr\/wp-json\/wp\/v2\/product"}],"about":[{"href":"https:\/\/kuumbati.com\/fr\/wp-json\/wp\/v2\/types\/product"}],"replies":[{"embeddable":true,"href":"https:\/\/kuumbati.com\/fr\/wp-json\/wp\/v2\/comments?post=1324"}],"wp:featuredmedia":[{"embeddable":true,"href":"https:\/\/kuumbati.com\/fr\/wp-json\/wp\/v2\/media\/1261"}],"wp:attachment":[{"href":"https:\/\/kuumbati.com\/fr\/wp-json\/wp\/v2\/media?parent=1324"}],"wp:term":[{"taxonomy":"product_brand","embeddable":true,"href":"https:\/\/kuumbati.com\/fr\/wp-json\/wp\/v2\/product_brand?post=1324"},{"taxonomy":"product_cat","embeddable":true,"href":"https:\/\/kuumbati.com\/fr\/wp-json\/wp\/v2\/product_cat?post=1324"},{"taxonomy":"product_tag","embeddable":true,"href":"https:\/\/kuumbati.com\/fr\/wp-json\/wp\/v2\/product_tag?post=1324"},{"taxonomy":"product_brands","embeddable":true,"href":"https:\/\/kuumbati.com\/fr\/wp-json\/wp\/v2\/product_brands?post=1324"}],"curies":[{"name":"wp","href":"https:\/\/api.w.org\/{rel}","templated":true}]}}