{"id":3874,"date":"2023-11-21T19:08:07","date_gmt":"2023-11-21T19:08:07","guid":{"rendered":"https:\/\/kuumbati.com\/?post_type=product&#038;p=3874"},"modified":"2024-03-03T14:42:20","modified_gmt":"2024-03-03T14:42:20","slug":"calao-et-les-monuments-africains-coloriage","status":"publish","type":"product","link":"https:\/\/kuumbati.com\/fr\/produit\/calao-et-les-monuments-africains-coloriage\/","title":{"rendered":"Calao et les monuments Africains &#8211; Coloriage"},"content":{"rendered":"<p>Voyager avec Calao, le grand oiseau voyageur, dans les diff\u00e9rents pays africains \u00e0 la d\u00e9couverte des monuments originaux.<\/p>\n<p>Colorie et amuse-toi \u00e0 conna\u00eetre les monuments de l&rsquo;Afrique.<\/p>\n","protected":false},"excerpt":{"rendered":"<p>Colorie et amuse-toi \u00e0 conna\u00eetre les monuments de l&rsquo;Afrique &#8211; Calao et les monuments Africains<\/p>\n","protected":false},"featured_media":3875,"comment_status":"open","ping_status":"closed","template":"","meta":{"om_disable_all_campaigns":false,"_kad_blocks_custom_css":"","_kad_blocks_head_custom_js":"","_kad_blocks_body_custom_js":"","_kad_blocks_footer_custom_js":"","_monsterinsights_skip_tracking":false,"_monsterinsights_sitenote_active":false,"_monsterinsights_sitenote_note":"","_monsterinsights_sitenote_category":0,"_kadence_starter_templates_imported_post":false,"_kad_post_transparent":"default","_kad_post_title":"","_kad_post_layout":"default","_kad_post_sidebar_id":"","_kad_post_content_style":"default","_kad_post_vertical_padding":"default","_kad_post_feature":"","_kad_post_feature_position":"","_kad_post_header":false,"_kad_post_footer":false,"_kad_post_classname":""},"product_brand":[],"product_cat":[74,75,59],"product_tag":[],"product_brands":[],"class_list":{"0":"post-3874","1":"product","2":"type-product","3":"status-publish","4":"has-post-thumbnail","6":"product_cat-educatif","7":"product_cat-francais","8":"product_cat-livres","10":"first","11":"instock","12":"downloadable","13":"virtual","14":"purchasable","15":"product-type-simple","16":"entry","17":"content-bg","18":"loop-entry"},"aioseo_notices":[],"taxonomy_info":{"product_cat":[{"value":74,"label":"\u00e9ducatif"},{"value":75,"label":"Fran\u00e7ais"},{"value":59,"label":"Livres"}]},"featured_image_src_large":["https:\/\/kuumbati.com\/wp-content\/uploads\/2023\/11\/calao-et-les-monument-coloriage-1-726x1024.png",726,1024,true],"author_info":[],"comment_info":1,"_links":{"self":[{"href":"https:\/\/kuumbati.com\/fr\/wp-json\/wp\/v2\/product\/3874","targetHints":{"allow":["GET"]}}],"collection":[{"href":"https:\/\/kuumbati.com\/fr\/wp-json\/wp\/v2\/product"}],"about":[{"href":"https:\/\/kuumbati.com\/fr\/wp-json\/wp\/v2\/types\/product"}],"replies":[{"embeddable":true,"href":"https:\/\/kuumbati.com\/fr\/wp-json\/wp\/v2\/comments?post=3874"}],"wp:featuredmedia":[{"embeddable":true,"href":"https:\/\/kuumbati.com\/fr\/wp-json\/wp\/v2\/media\/3875"}],"wp:attachment":[{"href":"https:\/\/kuumbati.com\/fr\/wp-json\/wp\/v2\/media?parent=3874"}],"wp:term":[{"taxonomy":"product_brand","embeddable":true,"href":"https:\/\/kuumbati.com\/fr\/wp-json\/wp\/v2\/product_brand?post=3874"},{"taxonomy":"product_cat","embeddable":true,"href":"https:\/\/kuumbati.com\/fr\/wp-json\/wp\/v2\/product_cat?post=3874"},{"taxonomy":"product_tag","embeddable":true,"href":"https:\/\/kuumbati.com\/fr\/wp-json\/wp\/v2\/product_tag?post=3874"},{"taxonomy":"product_brands","embeddable":true,"href":"https:\/\/kuumbati.com\/fr\/wp-json\/wp\/v2\/product_brands?post=3874"}],"curies":[{"name":"wp","href":"https:\/\/api.w.org\/{rel}","templated":true}]}}