{"id":4012,"date":"2024-03-14T11:43:28","date_gmt":"2024-03-14T11:43:28","guid":{"rendered":"https:\/\/kuumbati.com\/produit\/muu-so\/"},"modified":"2024-03-14T11:43:28","modified_gmt":"2024-03-14T11:43:28","slug":"muu-so","status":"publish","type":"product","link":"https:\/\/kuumbati.com\/fr\/produit\/muu-so\/","title":{"rendered":"Muu-So"},"content":{"rendered":"<p>Muu-So est une histoire de cr\u00e9ation. \u00ab\u00a0\u00c0 ceux qui acceptent de porter le pot d&rsquo;argile, Muu, seront donn\u00e9s l&rsquo;\u00e9quilibre du pouvoir et le sens de la justice\u00a0\u00bb, proclame la divinit\u00e9 supr\u00eame, Maa Ngala Ba. Ils seront nomm\u00e9s Muu-So, les porteurs de pots\u00a0\u00bb. L&rsquo;histoire de la cr\u00e9ation est interpr\u00e9t\u00e9e de diverses mani\u00e8res \u00e0 travers le monde. Cette nouvelle histoire nous vient du Sahel, o\u00f9 r\u00e9gnait l&rsquo;une des plus anciennes civilisations. Il s&rsquo;agit d&rsquo;un r\u00e9cit sur la beaut\u00e9 du processus de cr\u00e9ation et sur la n\u00e9cessit\u00e9 de prendre soin et d&rsquo;aimer ce dont nous sommes responsables. Le livre est destin\u00e9 aux enfants de 5 \u00e0 12 ans.<\/p>\n","protected":false},"excerpt":{"rendered":"<p>Muu-So est une histoire de cr\u00e9ation. \u00ab\u00a0\u00c0 ceux qui acceptent de porter le pot d&rsquo;argile, Muu, seront donn\u00e9s l&rsquo;\u00e9quilibre du pouvoir et le sens de la justice\u00a0\u00bb, proclame la divinit\u00e9 supr\u00eame, Maa Ngala Ba. Ils seront nomm\u00e9s Muu-So, les porteurs de pots\u00a0\u00bb. L&rsquo;histoire de la cr\u00e9ation est interpr\u00e9t\u00e9e de diverses mani\u00e8res \u00e0 travers le monde&#8230;.<\/p>\n","protected":false},"featured_media":3987,"comment_status":"open","ping_status":"closed","template":"","meta":{"om_disable_all_campaigns":false,"_kad_blocks_custom_css":"","_kad_blocks_head_custom_js":"","_kad_blocks_body_custom_js":"","_kad_blocks_footer_custom_js":"","_monsterinsights_skip_tracking":false,"_monsterinsights_sitenote_active":false,"_monsterinsights_sitenote_note":"","_monsterinsights_sitenote_category":0,"_kadence_starter_templates_imported_post":false,"_kad_post_transparent":"","_kad_post_title":"","_kad_post_layout":"","_kad_post_sidebar_id":"","_kad_post_content_style":"","_kad_post_vertical_padding":"","_kad_post_feature":"","_kad_post_feature_position":"","_kad_post_header":false,"_kad_post_footer":false,"_kad_post_classname":""},"product_brand":[],"product_cat":[42,73,59],"product_tag":[],"product_brands":[],"class_list":{"0":"post-4012","1":"product","2":"type-product","3":"status-publish","4":"has-post-thumbnail","6":"product_cat-anglais-2","7":"product_cat-conte","8":"product_cat-livres","10":"first","11":"instock","12":"downloadable","13":"virtual","14":"purchasable","15":"product-type-simple","16":"entry","17":"content-bg","18":"loop-entry"},"aioseo_notices":[],"taxonomy_info":{"product_cat":[{"value":42,"label":"Anglais"},{"value":73,"label":"Conte"},{"value":59,"label":"Livres"}]},"featured_image_src_large":["https:\/\/kuumbati.com\/wp-content\/uploads\/2024\/03\/Muu-so.jpg",1000,1000,false],"author_info":[],"comment_info":0,"_links":{"self":[{"href":"https:\/\/kuumbati.com\/fr\/wp-json\/wp\/v2\/product\/4012","targetHints":{"allow":["GET"]}}],"collection":[{"href":"https:\/\/kuumbati.com\/fr\/wp-json\/wp\/v2\/product"}],"about":[{"href":"https:\/\/kuumbati.com\/fr\/wp-json\/wp\/v2\/types\/product"}],"replies":[{"embeddable":true,"href":"https:\/\/kuumbati.com\/fr\/wp-json\/wp\/v2\/comments?post=4012"}],"wp:featuredmedia":[{"embeddable":true,"href":"https:\/\/kuumbati.com\/fr\/wp-json\/wp\/v2\/media\/3987"}],"wp:attachment":[{"href":"https:\/\/kuumbati.com\/fr\/wp-json\/wp\/v2\/media?parent=4012"}],"wp:term":[{"taxonomy":"product_brand","embeddable":true,"href":"https:\/\/kuumbati.com\/fr\/wp-json\/wp\/v2\/product_brand?post=4012"},{"taxonomy":"product_cat","embeddable":true,"href":"https:\/\/kuumbati.com\/fr\/wp-json\/wp\/v2\/product_cat?post=4012"},{"taxonomy":"product_tag","embeddable":true,"href":"https:\/\/kuumbati.com\/fr\/wp-json\/wp\/v2\/product_tag?post=4012"},{"taxonomy":"product_brands","embeddable":true,"href":"https:\/\/kuumbati.com\/fr\/wp-json\/wp\/v2\/product_brands?post=4012"}],"curies":[{"name":"wp","href":"https:\/\/api.w.org\/{rel}","templated":true}]}}